{"id":154,"date":"2025-01-02T12:30:36","date_gmt":"2025-01-02T12:30:36","guid":{"rendered":"https:\/\/martinpuigmotorsport.com\/?page_id=154"},"modified":"2025-01-02T12:48:49","modified_gmt":"2025-01-02T12:48:49","slug":"que-hacemos","status":"publish","type":"page","link":"https:\/\/martinpuigmotorsport.com\/index.php\/que-hacemos\/","title":{"rendered":"\u00bfQu\u00e9 hacemos?"},"content":{"rendered":"\n<p>Reparamos su autom\u00f3vil a trav\u00e9s de un buen diagnostico y el uso de maquinaria innovadora para todo tipo de coches y marcas<\/p>\n\n\n\n<p>Nos caracterizamos por la rapidez y eficacia del servicio ofrecido, as\u00ed como la experiencia de m\u00e1s de 30 a\u00f1os en el sector.<\/p>\n\n\n\n<figure class=\"wp-block-image size-large\"><img loading=\"lazy\" decoding=\"async\" width=\"1024\" height=\"576\" src=\"https:\/\/martinpuigmotorsport.com\/wp-content\/uploads\/2025\/01\/foto-capo-1-1024x576.jpeg\" alt=\"\" class=\"wp-image-166\" srcset=\"https:\/\/martinpuigmotorsport.com\/wp-content\/uploads\/2025\/01\/foto-capo-1-1024x576.jpeg 1024w, https:\/\/martinpuigmotorsport.com\/wp-content\/uploads\/2025\/01\/foto-capo-1-300x169.jpeg 300w, https:\/\/martinpuigmotorsport.com\/wp-content\/uploads\/2025\/01\/foto-capo-1-768x432.jpeg 768w, https:\/\/martinpuigmotorsport.com\/wp-content\/uploads\/2025\/01\/foto-capo-1-1536x864.jpeg 1536w, https:\/\/martinpuigmotorsport.com\/wp-content\/uploads\/2025\/01\/foto-capo-1.jpeg 2000w\" sizes=\"auto, (max-width: 1024px) 100vw, 1024px\" \/><\/figure>\n\n\n\n<figure class=\"wp-block-image size-large\"><img loading=\"lazy\" decoding=\"async\" width=\"1024\" height=\"576\" src=\"https:\/\/martinpuigmotorsport.com\/wp-content\/uploads\/2025\/01\/foto-rojo-1-1024x576.jpeg\" alt=\"\" class=\"wp-image-167\" srcset=\"https:\/\/martinpuigmotorsport.com\/wp-content\/uploads\/2025\/01\/foto-rojo-1-1024x576.jpeg 1024w, https:\/\/martinpuigmotorsport.com\/wp-content\/uploads\/2025\/01\/foto-rojo-1-300x169.jpeg 300w, https:\/\/martinpuigmotorsport.com\/wp-content\/uploads\/2025\/01\/foto-rojo-1-768x432.jpeg 768w, https:\/\/martinpuigmotorsport.com\/wp-content\/uploads\/2025\/01\/foto-rojo-1-1536x864.jpeg 1536w, https:\/\/martinpuigmotorsport.com\/wp-content\/uploads\/2025\/01\/foto-rojo-1.jpeg 2000w\" sizes=\"auto, (max-width: 1024px) 100vw, 1024px\" \/><\/figure>\n\n\n\n<figure class=\"wp-block-image size-large\"><img loading=\"lazy\" decoding=\"async\" width=\"1024\" height=\"576\" src=\"https:\/\/martinpuigmotorsport.com\/wp-content\/uploads\/2025\/01\/coches-1024x576.jpeg\" alt=\"\" class=\"wp-image-168\" srcset=\"https:\/\/martinpuigmotorsport.com\/wp-content\/uploads\/2025\/01\/coches-1024x576.jpeg 1024w, https:\/\/martinpuigmotorsport.com\/wp-content\/uploads\/2025\/01\/coches-300x169.jpeg 300w, https:\/\/martinpuigmotorsport.com\/wp-content\/uploads\/2025\/01\/coches-768x432.jpeg 768w, https:\/\/martinpuigmotorsport.com\/wp-content\/uploads\/2025\/01\/coches-1536x864.jpeg 1536w, https:\/\/martinpuigmotorsport.com\/wp-content\/uploads\/2025\/01\/coches.jpeg 2000w\" sizes=\"auto, (max-width: 1024px) 100vw, 1024px\" \/><\/figure>\n\n\n\n<figure class=\"wp-block-image size-large\"><img loading=\"lazy\" decoding=\"async\" width=\"1024\" height=\"576\" src=\"https:\/\/martinpuigmotorsport.com\/wp-content\/uploads\/2025\/01\/coche-rojo-1024x576.jpeg\" alt=\"\" class=\"wp-image-169\" srcset=\"https:\/\/martinpuigmotorsport.com\/wp-content\/uploads\/2025\/01\/coche-rojo-1024x576.jpeg 1024w, https:\/\/martinpuigmotorsport.com\/wp-content\/uploads\/2025\/01\/coche-rojo-300x169.jpeg 300w, https:\/\/martinpuigmotorsport.com\/wp-content\/uploads\/2025\/01\/coche-rojo-768x432.jpeg 768w, https:\/\/martinpuigmotorsport.com\/wp-content\/uploads\/2025\/01\/coche-rojo-1536x864.jpeg 1536w, https:\/\/martinpuigmotorsport.com\/wp-content\/uploads\/2025\/01\/coche-rojo.jpeg 2000w\" sizes=\"auto, (max-width: 1024px) 100vw, 1024px\" \/><\/figure>\n\n\n<div class=\"is-default-size wp-block-site-logo\"><a href=\"https:\/\/martinpuigmotorsport.com\/\" class=\"custom-logo-link\" rel=\"home\"><img loading=\"lazy\" decoding=\"async\" width=\"310\" height=\"73\" src=\"https:\/\/martinpuigmotorsport.com\/wp-content\/uploads\/2023\/06\/cropped-Logo_Martin_Motorsport-removebg-preview.png\" class=\"custom-logo\" alt=\"MartinMotorsport\" srcset=\"https:\/\/martinpuigmotorsport.com\/wp-content\/uploads\/2023\/06\/cropped-Logo_Martin_Motorsport-removebg-preview.png 310w, https:\/\/martinpuigmotorsport.com\/wp-content\/uploads\/2023\/06\/cropped-Logo_Martin_Motorsport-removebg-preview-300x71.png 300w\" sizes=\"auto, (max-width: 310px) 100vw, 310px\" \/><\/a><\/div>","protected":false},"excerpt":{"rendered":"<p>Reparamos su autom\u00f3vil a trav\u00e9s de un buen diagnostico y el uso de maquinaria innovadora para todo tipo de coches y marcas Nos caracterizamos por la rapidez y eficacia del servicio ofrecido, as\u00ed como la experiencia de m\u00e1s de 30 a\u00f1os en el sector.<\/p>\n","protected":false},"author":1,"featured_media":0,"parent":0,"menu_order":0,"comment_status":"closed","ping_status":"closed","template":"","meta":{"footnotes":""},"class_list":["post-154","page","type-page","status-publish","hentry"],"_links":{"self":[{"href":"https:\/\/martinpuigmotorsport.com\/index.php\/wp-json\/wp\/v2\/pages\/154","targetHints":{"allow":["GET"]}}],"collection":[{"href":"https:\/\/martinpuigmotorsport.com\/index.php\/wp-json\/wp\/v2\/pages"}],"about":[{"href":"https:\/\/martinpuigmotorsport.com\/index.php\/wp-json\/wp\/v2\/types\/page"}],"author":[{"embeddable":true,"href":"https:\/\/martinpuigmotorsport.com\/index.php\/wp-json\/wp\/v2\/users\/1"}],"replies":[{"embeddable":true,"href":"https:\/\/martinpuigmotorsport.com\/index.php\/wp-json\/wp\/v2\/comments?post=154"}],"version-history":[{"count":3,"href":"https:\/\/martinpuigmotorsport.com\/index.php\/wp-json\/wp\/v2\/pages\/154\/revisions"}],"predecessor-version":[{"id":178,"href":"https:\/\/martinpuigmotorsport.com\/index.php\/wp-json\/wp\/v2\/pages\/154\/revisions\/178"}],"wp:attachment":[{"href":"https:\/\/martinpuigmotorsport.com\/index.php\/wp-json\/wp\/v2\/media?parent=154"}],"curies":[{"name":"wp","href":"https:\/\/api.w.org\/{rel}","templated":true}]}}