{"id":129,"date":"2023-06-16T11:55:09","date_gmt":"2023-06-16T11:55:09","guid":{"rendered":"http:\/\/martinpuigmotorsport.com\/?page_id=129"},"modified":"2023-07-17T08:14:12","modified_gmt":"2023-07-17T08:14:12","slug":"nuestro-taller-2","status":"publish","type":"page","link":"https:\/\/martinpuigmotorsport.com\/index.php\/nuestro-taller-2\/","title":{"rendered":"Nuestro taller"},"content":{"rendered":"\n<p>Nos acabamos de trasladar a una nueva ubicaci\u00f3n en Ronda de Sant Pere, 302.<\/p>\n\n\n\n<p>Nuestro nuevo taller cuenta con m\u00e1s espacio con el fin de ofrecer a nuestros clientes la mejor atenci\u00f3n y asistencia<strong>.<\/strong><\/p>\n\n\n\n<figure class=\"wp-block-image size-large\"><img loading=\"lazy\" decoding=\"async\" width=\"1024\" height=\"576\" src=\"https:\/\/martinpuigmotorsport.com\/wp-content\/uploads\/2023\/06\/WhatsApp-Image-2023-06-11-at-13.41.33-5-1-1024x576.jpeg\" alt=\"\" class=\"wp-image-130\" srcset=\"https:\/\/martinpuigmotorsport.com\/wp-content\/uploads\/2023\/06\/WhatsApp-Image-2023-06-11-at-13.41.33-5-1-1024x576.jpeg 1024w, https:\/\/martinpuigmotorsport.com\/wp-content\/uploads\/2023\/06\/WhatsApp-Image-2023-06-11-at-13.41.33-5-1-300x169.jpeg 300w, https:\/\/martinpuigmotorsport.com\/wp-content\/uploads\/2023\/06\/WhatsApp-Image-2023-06-11-at-13.41.33-5-1-768x432.jpeg 768w, https:\/\/martinpuigmotorsport.com\/wp-content\/uploads\/2023\/06\/WhatsApp-Image-2023-06-11-at-13.41.33-5-1-1536x864.jpeg 1536w, https:\/\/martinpuigmotorsport.com\/wp-content\/uploads\/2023\/06\/WhatsApp-Image-2023-06-11-at-13.41.33-5-1.jpeg 2000w\" sizes=\"auto, (max-width: 1024px) 100vw, 1024px\" \/><\/figure>\n\n\n\n<figure class=\"wp-block-image size-large\"><img loading=\"lazy\" decoding=\"async\" width=\"1024\" height=\"576\" src=\"https:\/\/martinpuigmotorsport.com\/wp-content\/uploads\/2023\/07\/WhatsApp-Image-2023-06-11-at-13.41.33-1024x576.jpeg\" alt=\"\" class=\"wp-image-150\" srcset=\"https:\/\/martinpuigmotorsport.com\/wp-content\/uploads\/2023\/07\/WhatsApp-Image-2023-06-11-at-13.41.33-1024x576.jpeg 1024w, https:\/\/martinpuigmotorsport.com\/wp-content\/uploads\/2023\/07\/WhatsApp-Image-2023-06-11-at-13.41.33-300x169.jpeg 300w, https:\/\/martinpuigmotorsport.com\/wp-content\/uploads\/2023\/07\/WhatsApp-Image-2023-06-11-at-13.41.33-768x432.jpeg 768w, https:\/\/martinpuigmotorsport.com\/wp-content\/uploads\/2023\/07\/WhatsApp-Image-2023-06-11-at-13.41.33-1536x864.jpeg 1536w, https:\/\/martinpuigmotorsport.com\/wp-content\/uploads\/2023\/07\/WhatsApp-Image-2023-06-11-at-13.41.33.jpeg 2000w\" sizes=\"auto, (max-width: 1024px) 100vw, 1024px\" \/><\/figure>\n","protected":false},"excerpt":{"rendered":"<p>Nos acabamos de trasladar a una nueva ubicaci\u00f3n en Ronda de Sant Pere, 302. Nuestro nuevo taller cuenta con m\u00e1s espacio con el fin de ofrecer a nuestros clientes la mejor atenci\u00f3n y asistencia.<\/p>\n","protected":false},"author":1,"featured_media":0,"parent":0,"menu_order":0,"comment_status":"closed","ping_status":"closed","template":"","meta":{"footnotes":""},"class_list":["post-129","page","type-page","status-publish","hentry"],"_links":{"self":[{"href":"https:\/\/martinpuigmotorsport.com\/index.php\/wp-json\/wp\/v2\/pages\/129","targetHints":{"allow":["GET"]}}],"collection":[{"href":"https:\/\/martinpuigmotorsport.com\/index.php\/wp-json\/wp\/v2\/pages"}],"about":[{"href":"https:\/\/martinpuigmotorsport.com\/index.php\/wp-json\/wp\/v2\/types\/page"}],"author":[{"embeddable":true,"href":"https:\/\/martinpuigmotorsport.com\/index.php\/wp-json\/wp\/v2\/users\/1"}],"replies":[{"embeddable":true,"href":"https:\/\/martinpuigmotorsport.com\/index.php\/wp-json\/wp\/v2\/comments?post=129"}],"version-history":[{"count":3,"href":"https:\/\/martinpuigmotorsport.com\/index.php\/wp-json\/wp\/v2\/pages\/129\/revisions"}],"predecessor-version":[{"id":151,"href":"https:\/\/martinpuigmotorsport.com\/index.php\/wp-json\/wp\/v2\/pages\/129\/revisions\/151"}],"wp:attachment":[{"href":"https:\/\/martinpuigmotorsport.com\/index.php\/wp-json\/wp\/v2\/media?parent=129"}],"curies":[{"name":"wp","href":"https:\/\/api.w.org\/{rel}","templated":true}]}}